{"id":3532,"date":"2026-04-07T09:54:14","date_gmt":"2026-04-07T09:54:14","guid":{"rendered":"https:\/\/www.ndksolutions.fi\/uutisfoorumi\/"},"modified":"2026-04-07T10:30:49","modified_gmt":"2026-04-07T10:30:49","slug":"viimeisimmat-uutiset","status":"publish","type":"page","link":"https:\/\/www.ndksolutions.fi\/fi\/viimeisimmat-uutiset\/","title":{"rendered":"Viimeisimm\u00e4t uutiset"},"content":{"rendered":"<style>.kb-row-layout-id3532_948cae-1f > .kt-row-column-wrap{align-content:start;}:where(.kb-row-layout-id3532_948cae-1f > .kt-row-column-wrap) > .wp-block-kadence-column{justify-content:start;}.kb-row-layout-id3532_948cae-1f > .kt-row-column-wrap{column-gap:var(--global-kb-gap-md, 2rem);row-gap:var(--global-kb-gap-md, 2rem);padding-top:210px;padding-bottom:150px;grid-template-columns:minmax(0, 1fr);}.kb-row-layout-id3532_948cae-1f{background-image:url('https:\/\/www.ndksolutions.fi\/wp-content\/uploads\/2023\/10\/DSC_7168.jpg');background-size:cover;background-position:50% 35%;background-attachment:scroll;background-repeat:no-repeat;}.kb-row-layout-id3532_948cae-1f > .kt-row-layout-overlay{opacity:0.30;}@media all and (max-width: 1024px){.kb-row-layout-id3532_948cae-1f > .kt-row-column-wrap{grid-template-columns:minmax(0, 1fr);}}@media all and (max-width: 767px){.kb-row-layout-id3532_948cae-1f > .kt-row-column-wrap{grid-template-columns:minmax(0, 1fr);}}<\/style><div class=\"kb-row-layout-wrap kb-row-layout-id3532_948cae-1f alignnone kt-row-has-bg wp-block-kadence-rowlayout\"><div class=\"kt-row-column-wrap kt-has-1-columns kt-row-layout-equal kt-tab-layout-inherit kt-mobile-layout-row kt-row-valign-top\">\n<style>.kadence-column3532_2dd886-43 > .kt-inside-inner-col,.kadence-column3532_2dd886-43 > .kt-inside-inner-col:before{border-top-left-radius:0px;border-top-right-radius:0px;border-bottom-right-radius:0px;border-bottom-left-radius:0px;}.kadence-column3532_2dd886-43 > .kt-inside-inner-col:before{opacity:0.3;}.kadence-column3532_2dd886-43{position:relative;}<\/style>\n<div class=\"wp-block-kadence-column kadence-column3532_2dd886-43\"><div class=\"kt-inside-inner-col\"><\/div><\/div>\n\n<\/div><\/div>\n\n<style>.kb-row-layout-id3532_164a80-39 > .kt-row-column-wrap{align-content:start;}:where(.kb-row-layout-id3532_164a80-39 > .kt-row-column-wrap) > .wp-block-kadence-column{justify-content:start;}.kb-row-layout-id3532_164a80-39 > .kt-row-column-wrap{column-gap:var(--global-kb-gap-md, 2rem);row-gap:var(--global-kb-gap-md, 2rem);padding-top:29px;padding-bottom:24px;grid-template-columns:minmax(0, 1fr);}.kb-row-layout-id3532_164a80-39 > .kt-row-layout-overlay{opacity:0.30;}@media all and (max-width: 1024px){.kb-row-layout-id3532_164a80-39 > .kt-row-column-wrap{grid-template-columns:minmax(0, 1fr);}}@media all and (max-width: 767px){.kb-row-layout-id3532_164a80-39 > .kt-row-column-wrap{grid-template-columns:minmax(0, 1fr);}}<\/style><div class=\"kb-row-layout-wrap kb-row-layout-id3532_164a80-39 alignnone wp-block-kadence-rowlayout\"><div class=\"kt-row-column-wrap kt-has-1-columns kt-row-layout-equal kt-tab-layout-inherit kt-mobile-layout-row kt-row-valign-top\">\n<style>.kadence-column3532_d5b0c8-64 > .kt-inside-inner-col,.kadence-column3532_d5b0c8-64 > .kt-inside-inner-col:before{border-top-left-radius:0px;border-top-right-radius:0px;border-bottom-right-radius:0px;border-bottom-left-radius:0px;}.kadence-column3532_d5b0c8-64 > .kt-inside-inner-col:before{opacity:0.3;}.kadence-column3532_d5b0c8-64{position:relative;}<\/style>\n<div class=\"wp-block-kadence-column kadence-column3532_d5b0c8-64\"><div class=\"kt-inside-inner-col\"><style>.wp-block-kadence-advancedheading.kt-adv-heading3532_75ca45-c3, .wp-block-kadence-advancedheading.kt-adv-heading3532_75ca45-c3[data-kb-block=\"kb-adv-heading3532_75ca45-c3\"]{text-align:center;font-style:normal;text-transform:uppercase;}.wp-block-kadence-advancedheading.kt-adv-heading3532_75ca45-c3 mark, .wp-block-kadence-advancedheading.kt-adv-heading3532_75ca45-c3[data-kb-block=\"kb-adv-heading3532_75ca45-c3\"] mark{font-style:normal;color:#f76a0c;padding-top:0px;padding-right:0px;padding-bottom:0px;padding-left:0px;}<\/style>\n<h2 class=\"kt-adv-heading3532_75ca45-c3 wp-block-kadence-advancedheading\" data-kb-block=\"kb-adv-heading3532_75ca45-c3\">Viimeisimm\u00e4t uutiset<\/h2>\n<\/div><\/div>\n\n<\/div><\/div>\n\n<style>.kb-row-layout-id3532_c2eb72-f1 > .kt-row-column-wrap{align-content:start;}:where(.kb-row-layout-id3532_c2eb72-f1 > .kt-row-column-wrap) > .wp-block-kadence-column{justify-content:start;}.kb-row-layout-id3532_c2eb72-f1 > .kt-row-column-wrap{column-gap:var(--global-kb-gap-md, 2rem);row-gap:var(--global-kb-gap-md, 2rem);padding-top:var(--global-kb-spacing-sm, 1.5rem);padding-bottom:var(--global-kb-spacing-sm, 1.5rem);grid-template-columns:minmax(0, 20%) minmax(0, 60%) minmax(0, 20%);}.kb-row-layout-id3532_c2eb72-f1 > .kt-row-layout-overlay{opacity:0.30;}@media all and (max-width: 1024px){.kb-row-layout-id3532_c2eb72-f1 > .kt-row-column-wrap{grid-template-columns:repeat(3, minmax(0, 1fr));}}@media all and (max-width: 767px){.kb-row-layout-id3532_c2eb72-f1 > .kt-row-column-wrap{grid-template-columns:minmax(0, 1fr);}}<\/style><div class=\"kb-row-layout-wrap kb-row-layout-id3532_c2eb72-f1 alignnone wp-block-kadence-rowlayout\"><div class=\"kt-row-column-wrap kt-has-3-columns kt-row-layout-equal kt-tab-layout-inherit kt-mobile-layout-row kt-row-valign-top\">\n<style>.kadence-column3532_a44f68-e0 > .kt-inside-inner-col,.kadence-column3532_a44f68-e0 > .kt-inside-inner-col:before{border-top-left-radius:0px;border-top-right-radius:0px;border-bottom-right-radius:0px;border-bottom-left-radius:0px;}.kadence-column3532_a44f68-e0 > .kt-inside-inner-col:before{opacity:0.3;}.kadence-column3532_a44f68-e0{position:relative;}<\/style>\n<div class=\"wp-block-kadence-column kadence-column3532_a44f68-e0\"><div class=\"kt-inside-inner-col\"><\/div><\/div>\n\n\n<style>.kadence-column3532_bebc92-d1 > .kt-inside-inner-col,.kadence-column3532_bebc92-d1 > .kt-inside-inner-col:before{border-top-left-radius:0px;border-top-right-radius:0px;border-bottom-right-radius:0px;border-bottom-left-radius:0px;}.kadence-column3532_bebc92-d1 > .kt-inside-inner-col:before{opacity:0.3;}.kadence-column3532_bebc92-d1{position:relative;}<\/style>\n<div class=\"wp-block-kadence-column kadence-column3532_bebc92-d1\"><div class=\"kt-inside-inner-col\"><div class=\"wp-block-kadence-posts kb-posts kb-posts-id-3532_a1aa58-a8 content-wrap grid-cols kb-posts-style-boxed grid-sm-col-1 grid-lg-col-1 item-image-style-beside\"><article class=\"entry content-bg loop-entry post-3688 post type-post status-publish format-standard hentry category-uutiset\">\n\t\t<div class=\"entry-content-wrap\">\n\t\t<header class=\"entry-header\">\n\t<h2 class=\"entry-title\"><a href=\"https:\/\/www.ndksolutions.fi\/fi\/valta-lukemisvirheet-ja-tuotantokatkokset-asiantuntijaopas-cognex-dm290een-ja-konenakoon\/\" rel=\"bookmark\">V\u00e4lt\u00e4 lukemisvirheet ja tuotantokatkokset \u2013 asiantuntijaopas Cognex DM290:een ja konen\u00e4k\u00f6\u00f6n.<\/a><\/h2>\t<div class=\"entry-meta entry-meta-divider-dot\">\n\t<span class=\"posted-by\"><span class=\"meta-label\">By<\/span><span class=\"author vcard\"><span class=\"fn n\">ndk<\/span><\/span><\/span>\t\t\t<span class=\"posted-on\">\n\t\t\t\t<time class=\"entry-date published\" datetime=\"2026-04-22T10:37:09+00:00\">22 huhtikuun, 2026<\/time><time class=\"updated\" datetime=\"2026-04-22T10:57:44+00:00\">22 huhtikuun, 2026<\/time>\t\t\t<\/span>\n\t\t\t\t<\/div><!-- .entry-meta -->\n\t<\/header><!-- .entry-header -->\n\t<div class=\"entry-summary\">\n\t\t<p>NDKSolutions &#8211; Precision in every Solution Automation &amp; vision systems<\/p>\n\t<\/div><!-- .entry-summary -->\n\t<footer class=\"entry-footer\">\n\t\t\t<div class=\"entry-actions\">\n\t\t\t<p class=\"more-link-wrap\">\n\t\t\t\t<a href=\"https:\/\/www.ndksolutions.fi\/fi\/valta-lukemisvirheet-ja-tuotantokatkokset-asiantuntijaopas-cognex-dm290een-ja-konenakoon\/\" class=\"post-more-link\">\n\t\t\t\t\tRead More<span class=\"screen-reader-text\"> V\u00e4lt\u00e4 lukemisvirheet ja tuotantokatkokset \u2013 asiantuntijaopas Cognex DM290:een ja konen\u00e4k\u00f6\u00f6n.<\/span><span class=\"kadence-svg-iconset svg-baseline\"><svg aria-hidden=\"true\" class=\"kadence-svg-icon kadence-arrow-right-alt-svg\" fill=\"currentColor\" version=\"1.1\" xmlns=\"http:\/\/www.w3.org\/2000\/svg\" width=\"27\" height=\"28\" viewBox=\"0 0 27 28\"><title>Jatka<\/title><path d=\"M27 13.953c0 0.141-0.063 0.281-0.156 0.375l-6 5.531c-0.156 0.141-0.359 0.172-0.547 0.094-0.172-0.078-0.297-0.25-0.297-0.453v-3.5h-19.5c-0.281 0-0.5-0.219-0.5-0.5v-3c0-0.281 0.219-0.5 0.5-0.5h19.5v-3.5c0-0.203 0.109-0.375 0.297-0.453s0.391-0.047 0.547 0.078l6 5.469c0.094 0.094 0.156 0.219 0.156 0.359v0z\"><\/path>\n\t\t\t<\/svg><\/span>\t\t\t\t<\/a>\n\t\t\t<\/p>\n\t\t<\/div><!-- .entry-actions -->\n\t\t<\/footer><!-- .entry-footer -->\t<\/div>\n<\/article>\n<article class=\"entry content-bg loop-entry post-3534 post type-post status-publish format-standard hentry category-uutiset\">\n\t\t<div class=\"entry-content-wrap\">\n\t\t<header class=\"entry-header\">\n\t<h2 class=\"entry-title\"><a href=\"https:\/\/www.ndksolutions.fi\/fi\/postaus-0001\/\" rel=\"bookmark\">Uutisfoorumi!<\/a><\/h2>\t<div class=\"entry-meta entry-meta-divider-dot\">\n\t<span class=\"posted-by\"><span class=\"meta-label\">By<\/span><span class=\"author vcard\"><span class=\"fn n\">ndk<\/span><\/span><\/span>\t\t\t<span class=\"posted-on\">\n\t\t\t\t<time class=\"entry-date published\" datetime=\"2026-04-01T10:59:25+00:00\">1 huhtikuun, 2026<\/time><time class=\"updated\" datetime=\"2026-04-07T10:50:22+00:00\">7 huhtikuun, 2026<\/time>\t\t\t<\/span>\n\t\t\t\t<\/div><!-- .entry-meta -->\n\t<\/header><!-- .entry-header -->\n\t<div class=\"entry-summary\">\n\t\t\t<\/div><!-- .entry-summary -->\n\t<footer class=\"entry-footer\">\n\t\t\t<div class=\"entry-actions\">\n\t\t\t<p class=\"more-link-wrap\">\n\t\t\t\t<a href=\"https:\/\/www.ndksolutions.fi\/fi\/postaus-0001\/\" class=\"post-more-link\">\n\t\t\t\t\tRead More<span class=\"screen-reader-text\"> Uutisfoorumi!<\/span><span class=\"kadence-svg-iconset svg-baseline\"><svg aria-hidden=\"true\" class=\"kadence-svg-icon kadence-arrow-right-alt-svg\" fill=\"currentColor\" version=\"1.1\" xmlns=\"http:\/\/www.w3.org\/2000\/svg\" width=\"27\" height=\"28\" viewBox=\"0 0 27 28\"><title>Jatka<\/title><path d=\"M27 13.953c0 0.141-0.063 0.281-0.156 0.375l-6 5.531c-0.156 0.141-0.359 0.172-0.547 0.094-0.172-0.078-0.297-0.25-0.297-0.453v-3.5h-19.5c-0.281 0-0.5-0.219-0.5-0.5v-3c0-0.281 0.219-0.5 0.5-0.5h19.5v-3.5c0-0.203 0.109-0.375 0.297-0.453s0.391-0.047 0.547 0.078l6 5.469c0.094 0.094 0.156 0.219 0.156 0.359v0z\"><\/path>\n\t\t\t<\/svg><\/span>\t\t\t\t<\/a>\n\t\t\t<\/p>\n\t\t<\/div><!-- .entry-actions -->\n\t\t<\/footer><!-- .entry-footer -->\t<\/div>\n<\/article>\n<\/div><\/div><\/div>\n\n\n<style>.kadence-column3532_8a4069-e9 > .kt-inside-inner-col,.kadence-column3532_8a4069-e9 > .kt-inside-inner-col:before{border-top-left-radius:0px;border-top-right-radius:0px;border-bottom-right-radius:0px;border-bottom-left-radius:0px;}.kadence-column3532_8a4069-e9 > .kt-inside-inner-col:before{opacity:0.3;}.kadence-column3532_8a4069-e9{position:relative;}<\/style>\n<div class=\"wp-block-kadence-column kadence-column3532_8a4069-e9\"><div class=\"kt-inside-inner-col\"><\/div><\/div>\n\n<\/div><\/div>","protected":false},"excerpt":{"rendered":"<p>Viimeisimm\u00e4t uutiset<\/p>\n","protected":false},"author":3,"featured_media":0,"parent":0,"menu_order":0,"comment_status":"closed","ping_status":"closed","template":"","meta":{"_kad_blocks_custom_css":"","_kad_blocks_head_custom_js":"","_kad_blocks_body_custom_js":"","_kad_blocks_footer_custom_js":"","_kad_post_transparent":"","_kad_post_title":"hide","_kad_post_layout":"fullwidth","_kad_post_sidebar_id":"","_kad_post_content_style":"unboxed","_kad_post_vertical_padding":"","_kad_post_feature":"","_kad_post_feature_position":"","_kad_post_header":false,"_kad_post_footer":false,"footnotes":""},"yoast_head":"<!-- This site is optimized with the Yoast SEO plugin v21.7 - https:\/\/yoast.com\/wordpress\/plugins\/seo\/ -->\n<title>Uusimmat uutiset - NDK Solutions<\/title>\n<meta name=\"description\" content=\"Uutiset - Lue kaikki viimeisimm\u00e4t uutiset ja tapahtumat uutisfoorumiltamme!\" \/>\n<meta name=\"robots\" content=\"index, follow, max-snippet:-1, max-image-preview:large, max-video-preview:-1\" \/>\n<link rel=\"canonical\" href=\"https:\/\/www.ndksolutions.fi\/fi\/viimeisimmat-uutiset\/\" \/>\n<meta property=\"og:locale\" content=\"fi_FI\" \/>\n<meta property=\"og:type\" content=\"article\" \/>\n<meta property=\"og:title\" content=\"Uusimmat uutiset - NDK Solutions\" \/>\n<meta property=\"og:description\" content=\"Uutiset - Lue kaikki viimeisimm\u00e4t uutiset ja tapahtumat uutisfoorumiltamme!\" \/>\n<meta property=\"og:url\" content=\"https:\/\/www.ndksolutions.fi\/fi\/viimeisimmat-uutiset\/\" \/>\n<meta property=\"og:site_name\" content=\"NDK\" \/>\n<meta property=\"article:publisher\" content=\"https:\/\/www.facebook.com\/NDKSolutions\" \/>\n<meta property=\"article:modified_time\" content=\"2026-04-07T10:30:49+00:00\" \/>\n<meta name=\"twitter:card\" content=\"summary_large_image\" \/>\n<meta name=\"twitter:label1\" content=\"Arvioitu lukuaika\" \/>\n\t<meta name=\"twitter:data1\" content=\"1 minuutti\" \/>\n<script type=\"application\/ld+json\" class=\"yoast-schema-graph\">{\"@context\":\"https:\/\/schema.org\",\"@graph\":[{\"@type\":\"WebPage\",\"@id\":\"https:\/\/www.ndksolutions.fi\/fi\/viimeisimmat-uutiset\/\",\"url\":\"https:\/\/www.ndksolutions.fi\/fi\/viimeisimmat-uutiset\/\",\"name\":\"Uusimmat uutiset - NDK Solutions\",\"isPartOf\":{\"@id\":\"https:\/\/www.ndksolutions.fi\/fi\/#website\"},\"datePublished\":\"2026-04-07T09:54:14+00:00\",\"dateModified\":\"2026-04-07T10:30:49+00:00\",\"description\":\"Uutiset - Lue kaikki viimeisimm\u00e4t uutiset ja tapahtumat uutisfoorumiltamme!\",\"breadcrumb\":{\"@id\":\"https:\/\/www.ndksolutions.fi\/fi\/viimeisimmat-uutiset\/#breadcrumb\"},\"inLanguage\":\"fi\",\"potentialAction\":[{\"@type\":\"ReadAction\",\"target\":[\"https:\/\/www.ndksolutions.fi\/fi\/viimeisimmat-uutiset\/\"]}]},{\"@type\":\"BreadcrumbList\",\"@id\":\"https:\/\/www.ndksolutions.fi\/fi\/viimeisimmat-uutiset\/#breadcrumb\",\"itemListElement\":[{\"@type\":\"ListItem\",\"position\":1,\"name\":\"Etusivu\",\"item\":\"https:\/\/www.ndksolutions.fi\/fi\/\"},{\"@type\":\"ListItem\",\"position\":2,\"name\":\"Viimeisimm\u00e4t uutiset\"}]},{\"@type\":\"WebSite\",\"@id\":\"https:\/\/www.ndksolutions.fi\/fi\/#website\",\"url\":\"https:\/\/www.ndksolutions.fi\/fi\/\",\"name\":\"NDK\",\"description\":\"Planering till drift \u2013 vi automatiserar er framtid.\",\"publisher\":{\"@id\":\"https:\/\/www.ndksolutions.fi\/fi\/#organization\"},\"potentialAction\":[{\"@type\":\"SearchAction\",\"target\":{\"@type\":\"EntryPoint\",\"urlTemplate\":\"https:\/\/www.ndksolutions.fi\/fi\/?s={search_term_string}\"},\"query-input\":\"required name=search_term_string\"}],\"inLanguage\":\"fi\"},{\"@type\":\"Organization\",\"@id\":\"https:\/\/www.ndksolutions.fi\/fi\/#organization\",\"name\":\"NDK Solutions\",\"url\":\"https:\/\/www.ndksolutions.fi\/fi\/\",\"logo\":{\"@type\":\"ImageObject\",\"inLanguage\":\"fi\",\"@id\":\"https:\/\/www.ndksolutions.fi\/fi\/#\/schema\/logo\/image\/\",\"url\":\"https:\/\/www.ndksolutions.fi\/wp-content\/uploads\/2023\/06\/NDK-pimaerlogo-gra-1-1024x340@2x.png\",\"contentUrl\":\"https:\/\/www.ndksolutions.fi\/wp-content\/uploads\/2023\/06\/NDK-pimaerlogo-gra-1-1024x340@2x.png\",\"width\":944,\"height\":312,\"caption\":\"NDK Solutions\"},\"image\":{\"@id\":\"https:\/\/www.ndksolutions.fi\/fi\/#\/schema\/logo\/image\/\"},\"sameAs\":[\"https:\/\/www.facebook.com\/NDKSolutions\",\"https:\/\/www.instagram.com\/ndksolutions\/\",\"https:\/\/www.linkedin.com\/company\/ndksolutions\/yndksolutions\"]}]}<\/script>\n<!-- \/ Yoast SEO plugin. -->","yoast_head_json":{"title":"Uusimmat uutiset - NDK Solutions","description":"Uutiset - Lue kaikki viimeisimm\u00e4t uutiset ja tapahtumat uutisfoorumiltamme!","robots":{"index":"index","follow":"follow","max-snippet":"max-snippet:-1","max-image-preview":"max-image-preview:large","max-video-preview":"max-video-preview:-1"},"canonical":"https:\/\/www.ndksolutions.fi\/fi\/viimeisimmat-uutiset\/","og_locale":"fi_FI","og_type":"article","og_title":"Uusimmat uutiset - NDK Solutions","og_description":"Uutiset - Lue kaikki viimeisimm\u00e4t uutiset ja tapahtumat uutisfoorumiltamme!","og_url":"https:\/\/www.ndksolutions.fi\/fi\/viimeisimmat-uutiset\/","og_site_name":"NDK","article_publisher":"https:\/\/www.facebook.com\/NDKSolutions","article_modified_time":"2026-04-07T10:30:49+00:00","twitter_card":"summary_large_image","twitter_misc":{"Arvioitu lukuaika":"1 minuutti"},"schema":{"@context":"https:\/\/schema.org","@graph":[{"@type":"WebPage","@id":"https:\/\/www.ndksolutions.fi\/fi\/viimeisimmat-uutiset\/","url":"https:\/\/www.ndksolutions.fi\/fi\/viimeisimmat-uutiset\/","name":"Uusimmat uutiset - NDK Solutions","isPartOf":{"@id":"https:\/\/www.ndksolutions.fi\/fi\/#website"},"datePublished":"2026-04-07T09:54:14+00:00","dateModified":"2026-04-07T10:30:49+00:00","description":"Uutiset - Lue kaikki viimeisimm\u00e4t uutiset ja tapahtumat uutisfoorumiltamme!","breadcrumb":{"@id":"https:\/\/www.ndksolutions.fi\/fi\/viimeisimmat-uutiset\/#breadcrumb"},"inLanguage":"fi","potentialAction":[{"@type":"ReadAction","target":["https:\/\/www.ndksolutions.fi\/fi\/viimeisimmat-uutiset\/"]}]},{"@type":"BreadcrumbList","@id":"https:\/\/www.ndksolutions.fi\/fi\/viimeisimmat-uutiset\/#breadcrumb","itemListElement":[{"@type":"ListItem","position":1,"name":"Etusivu","item":"https:\/\/www.ndksolutions.fi\/fi\/"},{"@type":"ListItem","position":2,"name":"Viimeisimm\u00e4t uutiset"}]},{"@type":"WebSite","@id":"https:\/\/www.ndksolutions.fi\/fi\/#website","url":"https:\/\/www.ndksolutions.fi\/fi\/","name":"NDK","description":"Planering till drift \u2013 vi automatiserar er framtid.","publisher":{"@id":"https:\/\/www.ndksolutions.fi\/fi\/#organization"},"potentialAction":[{"@type":"SearchAction","target":{"@type":"EntryPoint","urlTemplate":"https:\/\/www.ndksolutions.fi\/fi\/?s={search_term_string}"},"query-input":"required name=search_term_string"}],"inLanguage":"fi"},{"@type":"Organization","@id":"https:\/\/www.ndksolutions.fi\/fi\/#organization","name":"NDK Solutions","url":"https:\/\/www.ndksolutions.fi\/fi\/","logo":{"@type":"ImageObject","inLanguage":"fi","@id":"https:\/\/www.ndksolutions.fi\/fi\/#\/schema\/logo\/image\/","url":"https:\/\/www.ndksolutions.fi\/wp-content\/uploads\/2023\/06\/NDK-pimaerlogo-gra-1-1024x340@2x.png","contentUrl":"https:\/\/www.ndksolutions.fi\/wp-content\/uploads\/2023\/06\/NDK-pimaerlogo-gra-1-1024x340@2x.png","width":944,"height":312,"caption":"NDK Solutions"},"image":{"@id":"https:\/\/www.ndksolutions.fi\/fi\/#\/schema\/logo\/image\/"},"sameAs":["https:\/\/www.facebook.com\/NDKSolutions","https:\/\/www.instagram.com\/ndksolutions\/","https:\/\/www.linkedin.com\/company\/ndksolutions\/yndksolutions"]}]}},"taxonomy_info":[],"featured_image_src_large":false,"author_info":{"display_name":"ndk","author_link":"https:\/\/www.ndksolutions.fi\/fi\/author\/ndk\/"},"comment_info":0,"_links":{"self":[{"href":"https:\/\/www.ndksolutions.fi\/fi\/wp-json\/wp\/v2\/pages\/3532"}],"collection":[{"href":"https:\/\/www.ndksolutions.fi\/fi\/wp-json\/wp\/v2\/pages"}],"about":[{"href":"https:\/\/www.ndksolutions.fi\/fi\/wp-json\/wp\/v2\/types\/page"}],"author":[{"embeddable":true,"href":"https:\/\/www.ndksolutions.fi\/fi\/wp-json\/wp\/v2\/users\/3"}],"replies":[{"embeddable":true,"href":"https:\/\/www.ndksolutions.fi\/fi\/wp-json\/wp\/v2\/comments?post=3532"}],"version-history":[{"count":7,"href":"https:\/\/www.ndksolutions.fi\/fi\/wp-json\/wp\/v2\/pages\/3532\/revisions"}],"predecessor-version":[{"id":3547,"href":"https:\/\/www.ndksolutions.fi\/fi\/wp-json\/wp\/v2\/pages\/3532\/revisions\/3547"}],"wp:attachment":[{"href":"https:\/\/www.ndksolutions.fi\/fi\/wp-json\/wp\/v2\/media?parent=3532"}],"curies":[{"name":"wp","href":"https:\/\/api.w.org\/{rel}","templated":true}]}}